{"id":1216,"date":"2022-10-18T09:33:11","date_gmt":"2022-10-18T09:33:11","guid":{"rendered":"https:\/\/www.perladentdigital.com\/?page_id=1216"},"modified":"2022-12-21T09:42:02","modified_gmt":"2022-12-21T09:42:02","slug":"teeth-whitening","status":"publish","type":"page","link":"https:\/\/www.perladentdigital.com\/?page_id=1216","title":{"rendered":"Rayplicker"},"content":{"rendered":"<section id=\"bt_bb_section69e220e9426e1\" class=\"bt_bb_section bt_bb_layout_boxed_1200 bt_bb_vertical_align_top bt_bb_top_spacing_medium bt_bb_bottom_spacing_medium\"  data-bt-override-class=\"null\"><div class=\"bt_bb_port\"><div class=\"bt_bb_cell\"><div class=\"bt_bb_cell_inner\"><div class=\"bt_bb_row_wrapper\"><div  class=\"bt_bb_row bt_bb_column_gap_25\"  data-bt-override-class=\"{}\"><div  class=\"bt_bb_column col-xl-8 bt_bb_align_left bt_bb_vertical_align_top bt_bb_animation_fade_in animate bt_bb_padding_normal bt_bb_animation_fade_in animate\"  data-width=\"8\" data-bt-override-class=\"{}\"><div class=\"bt_bb_column_content\"><header class=\"bt_bb_headline bt_bb_font_weight_bold bt_bb_color_scheme_7 bt_bb_dash_none bt_bb_size_medium bt_bb_align_inherit bt_bb_dash_type_none\" style=\"; --primary-color:#e00011; --secondary-color:#191919;\" data-bt-override-class=\"{&quot;bt_bb_size_&quot;:{&quot;current_class&quot;:&quot;bt_bb_size_medium&quot;,&quot;xl&quot;:&quot;medium&quot;},&quot;bt_bb_align_&quot;:{&quot;current_class&quot;:&quot;bt_bb_align_inherit&quot;,&quot;xl&quot;:&quot;inherit&quot;}}\"><h3 class=\"bt_bb_headline_tag\"><span class=\"bt_bb_headline_content\"><span>Rayplicker<br \/>\r\n<small><u>Le teintier num\u00e9rique<\/u><\/small><\/span><\/span><\/h3><\/header><div class=\"bt_bb_separator_v2 bt_bb_border_style_none bt_bb_bottom_spacing_small bt_bb_icon_size_normal bt_bb_text_size_normal bt_bb_separator_v2_without_content\" data-bt-override-class=\"null\"><div class=\"bt_bb_separator_v2_inner\"><span class=\"bt_bb_separator_v2_inner_before\"><\/span><span class=\"bt_bb_separator_v2_inner_content\"><span  data-ico-=\"\" class=\"bt_bb_icon_holder\"><\/span><\/span><span class=\"bt_bb_separator_v2_inner_after\"><\/span><\/div><\/div><div  class=\"bt_bb_text\" ><p><strong>Une innovation fran\u00e7aise qui simplifie et lib\u00e8re votre pratique !<\/strong><\/p>\n<p>Quand un chirurgien-dentiste croise un chercheur en optique, ils ne peuvent que r\u00e9volutionner la prise de teinte. De cette rencontre est n\u00e9 Rayplicker, le nouveau teintier num\u00e9rique.<\/p>\n<p>Avec le Rayplicker, les praticiens acc\u00e8dent enfin \u00e0 la technologie couleur :<\/p>\n<ul>\n<li><strong>Clair et complet\u00a0<\/strong>: teinte, luminosit\u00e9, saturation, il d\u00e9termine une cartographie pr\u00e9cise de couleurs et de translucidit\u00e9s de la dent pour une esth\u00e9tique fine;<\/li>\n<li><strong>Imm\u00e9diat et instantan\u00e9 :<\/strong>\u00a0automatique, sans manipulation, ni param\u00e9trage, il transf\u00e8re imm\u00e9diatement les donn\u00e9es acquises \u00e0 votre proth\u00e9siste;<\/li>\n<li><strong>Ergonomique et confortable :\u00a0<\/strong>il vous offre une prise ais\u00e9e des teintes des dents post\u00e9rieures;<\/li>\n<li><strong>Simple et libre :\u00a0<\/strong>il vous indique, au pixel pr\u00e8s, l\u2019\u00e9cart colorim\u00e9trique (teinte, luminosit\u00e9, saturation) entre la teinte de la dent naturelle et la teinte la plus proche selon le r\u00e9f\u00e9rentiel de votre choix.<\/li>\n<\/ul>\n<\/div><div class=\"bt_bb_separator_v2 bt_bb_border_style_none bt_bb_top_spacing_extra_small bt_bb_bottom_spacing_small bt_bb_icon_size_normal bt_bb_text_size_normal bt_bb_separator_v2_without_content\" data-bt-override-class=\"null\"><div class=\"bt_bb_separator_v2_inner\"><span class=\"bt_bb_separator_v2_inner_before\"><\/span><span class=\"bt_bb_separator_v2_inner_content\"><span  data-ico-=\"\" class=\"bt_bb_icon_holder\"><\/span><\/span><span class=\"bt_bb_separator_v2_inner_after\"><\/span><\/div><\/div><div class=\"bt_bb_column_highlight\"><\/div><\/div><\/div><div  class=\"bt_bb_column col-xl-4 bt_bb_align_left bt_bb_vertical_align_top bt_bb_animation_fade_in animate bt_bb_padding_normal bt_bb_hidden_xs bt_bb_hidden_ms bt_bb_hidden_sm bt_bb_animation_fade_in animate\" style=\"background-color: rgba(255, 255, 255, 1);\" data-width=\"4\" data-bt-override-class=\"{&quot;bt_bb_align_&quot;:{&quot;current_class&quot;:&quot;bt_bb_align_left&quot;,&quot;xl&quot;:&quot;left&quot;},&quot;bt_bb_padding_&quot;:{&quot;current_class&quot;:&quot;bt_bb_padding_normal&quot;,&quot;xl&quot;:&quot;normal&quot;}}\"><div class=\"bt_bb_column_content\"><div class=\"bt_bb_image bt_bb_shape_square bt_bb_target_self bt_bb_align_inherit bt_bb_hover_style_simple bt_bb_content_display_always bt_bb_content_align_middle\" data-bt-override-class=\"{&quot;bt_bb_align_&quot;:{&quot;current_class&quot;:&quot;bt_bb_align_inherit&quot;,&quot;xl&quot;:&quot;inherit&quot;}}\"><span><img width=\"768\" height=\"845\" src=\"https:\/\/www.perladentdigital.com\/wp-content\/uploads\/2022\/12\/rayplicker.webp\" class=\"attachment-full size-full\" alt=\"https:\/\/www.perladentdigital.com\/wp-content\/uploads\/2022\/12\/rayplicker.webp\" decoding=\"async\" loading=\"lazy\" data-full_image_src=\"https:\/\/www.perladentdigital.com\/wp-content\/uploads\/2022\/12\/rayplicker.webp\" title=\"rayplicker\" srcset=\"https:\/\/www.perladentdigital.com\/wp-content\/uploads\/2022\/12\/rayplicker.webp 768w, https:\/\/www.perladentdigital.com\/wp-content\/uploads\/2022\/12\/rayplicker-640x704.webp 640w, https:\/\/www.perladentdigital.com\/wp-content\/uploads\/2022\/12\/rayplicker-320x352.webp 320w\" sizes=\"(max-width: 768px) 100vw, 768px\" \/><\/span><\/div><div class=\"bt_bb_column_highlight\"><\/div><\/div><\/div><\/div><\/div><\/div><!-- cell_inner --><\/div><!-- cell --><\/div><!-- port --><\/section>","protected":false},"excerpt":{"rendered":"","protected":false},"author":1,"featured_media":0,"parent":147,"menu_order":0,"comment_status":"closed","ping_status":"closed","template":"","meta":[],"_links":{"self":[{"href":"https:\/\/www.perladentdigital.com\/index.php?rest_route=\/wp\/v2\/pages\/1216"}],"collection":[{"href":"https:\/\/www.perladentdigital.com\/index.php?rest_route=\/wp\/v2\/pages"}],"about":[{"href":"https:\/\/www.perladentdigital.com\/index.php?rest_route=\/wp\/v2\/types\/page"}],"author":[{"embeddable":true,"href":"https:\/\/www.perladentdigital.com\/index.php?rest_route=\/wp\/v2\/users\/1"}],"replies":[{"embeddable":true,"href":"https:\/\/www.perladentdigital.com\/index.php?rest_route=%2Fwp%2Fv2%2Fcomments&post=1216"}],"version-history":[{"count":9,"href":"https:\/\/www.perladentdigital.com\/index.php?rest_route=\/wp\/v2\/pages\/1216\/revisions"}],"predecessor-version":[{"id":1584,"href":"https:\/\/www.perladentdigital.com\/index.php?rest_route=\/wp\/v2\/pages\/1216\/revisions\/1584"}],"up":[{"embeddable":true,"href":"https:\/\/www.perladentdigital.com\/index.php?rest_route=\/wp\/v2\/pages\/147"}],"wp:attachment":[{"href":"https:\/\/www.perladentdigital.com\/index.php?rest_route=%2Fwp%2Fv2%2Fmedia&parent=1216"}],"curies":[{"name":"wp","href":"https:\/\/api.w.org\/{rel}","templated":true}]}}